{"id":3429,"date":"2023-08-04T20:02:17","date_gmt":"2023-08-04T20:02:17","guid":{"rendered":"https:\/\/skupivizion.mk\/lajmet\/"},"modified":"2025-03-07T12:33:00","modified_gmt":"2025-03-07T12:33:00","slug":"novosti","status":"publish","type":"page","link":"https:\/\/skupivizion.mk\/mk\/novosti\/","title":{"rendered":"\u041d\u043e\u0432\u043e\u0441\u0442\u0438"},"content":{"rendered":"\t\t<div data-elementor-type=\"wp-page\" data-elementor-id=\"3429\" class=\"elementor elementor-3429 elementor-41\">\n\t\t\t\t\t\t<section class=\"elementor-section elementor-top-section elementor-element elementor-element-71d0b00 fix elementor-section-boxed elementor-section-height-default elementor-section-height-default\" data-id=\"71d0b00\" data-element_type=\"section\">\n\t\t\t\t\t\t<div class=\"elementor-container elementor-column-gap-default\">\n\t\t\t\t\t<div class=\"elementor-column elementor-col-100 elementor-top-column elementor-element elementor-element-5ab1295\" data-id=\"5ab1295\" data-element_type=\"column\">\n\t\t\t<div class=\"elementor-widget-wrap elementor-element-populated\">\n\t\t\t\t\t\t<div class=\"elementor-element elementor-element-2351741 elementor-widget elementor-widget-section_heading elh-el section_heading\" data-id=\"2351741\" data-element_type=\"widget\" data-settings=\"{&quot;design_style&quot;:&quot;style_1&quot;}\" data-widget_type=\"section_heading.default\">\n\t\t\t\t<div class=\"elementor-widget-container\">\n\t\t\t\t\t<div class=\"tx-sectionHeading text-center\">\r\n        <span class=\"tx-sectionHeading__subTitle tx-uppercase\">\u0418\u043d\u0444\u043e\u0440\u043c\u0430\u0446\u0438\u0438<\/span>\r\n        <h1 class=\"tx-sectionHeading__title tx-split-text split-in-right\">\u0421\u0438\u0442\u0435 \u043d\u043e\u0432\u043e\u0441\u0442\u0438<\/h1>\r\n    <\/div>\t\t\t\t<\/div>\n\t\t\t\t<\/div>\n\t\t\t\t<div class=\"elementor-element elementor-element-b466439 elementor-widget elementor-widget-post_grid elh-el post_grid\" data-id=\"b466439\" data-element_type=\"widget\" data-settings=\"{&quot;design_style&quot;:&quot;style_2&quot;}\" data-widget_type=\"post_grid.default\">\n\t\t\t\t<div class=\"elementor-widget-container\">\n\t\t\t\t\t\r\n\r\n<div class=\"row tx-column-gap-30 mt-none-30\">\r\n    \t\t<div class=\"col-xl-6 col-lg-6 col-md-6 col-sm-6 mt-30\">\r\n\t\t    <div class=\"tx-postGridBox tx-postGridBox__styleOne\">\r\n\t\t        \t\t        <div class=\"tx-thumb mb-none-30 fix\">\r\n\t\t            <img decoding=\"async\" src=\"https:\/\/skupivizion.mk\/wp-content\/uploads\/2024\/01\/lajm-1024x576.jpg\" alt=\"\">\r\n\t\t        <\/div>\r\n\t\t        \t            <div class=\"tx-content pl-30 pr-30 pt-30 pb-30 tx-z1 position-relative m-auto\">\r\n\t                \t                <a href=\"https:\/\/skupivizion.mk\/mk\/2023\/00\/04\/\" class=\"tx-metaDate\">\r\n                        \u041c\u0430\u0458 23\t                <\/a>\r\n\t                                <h5 class=\"tx-title tx-border-effect mt-15\">\r\n                    <a href=\"https:\/\/skupivizion.mk\/mk\/%d0%b2%d0%b0%d0%b6%d0%bd%d0%be-%d0%b8%d0%b7%d0%b2%d0%b5%d1%81%d1%82%d1%83%d0%b2%d0%b0%d1%9a%d0%b5-%d0%be%d0%b4-skupivizion-%d0%bf%d1%80%d0%b5%d0%bc%d0%b8%d0%bd%d0%b5%d1%82%d0%b5-%d0%bd%d0%b0\/\"> \u0412\u0430\u0436\u043d\u043e \u0418\u0437\u0432\u0435\u0441\u0442\u0443\u0432\u0430\u045a\u0435 \u043e\u0434 SkupiVizion \u2013 \u041f\u0440\u0435\u043c\u0438\u043d\u0435\u0442\u0435 \u043d\u0430 Postpaid \u0438 \u0414\u043e\u0431\u0438\u0458\u0442\u0435 \u0411\u0415\u0421\u041f\u041b\u0410\u0422\u0415\u041d \u0423\u0420\u0415\u0414!<\/a>\r\n                <\/h5>\r\n                <a href=\"https:\/\/skupivizion.mk\/mk\/%d0%b2%d0%b0%d0%b6%d0%bd%d0%be-%d0%b8%d0%b7%d0%b2%d0%b5%d1%81%d1%82%d1%83%d0%b2%d0%b0%d1%9a%d0%b5-%d0%be%d0%b4-skupivizion-%d0%bf%d1%80%d0%b5%d0%bc%d0%b8%d0%bd%d0%b5%d1%82%d0%b5-%d0%bd%d0%b0\/\" class=\"tx-inline-btn tx-border-effect mt-20\">\r\n                    \u041f\u043e\u0432\u0435\u045c\u0435                <\/a>\r\n            <\/div>\r\n        <\/div>\r\n    <\/div>\r\n    \t\t<div class=\"col-xl-6 col-lg-6 col-md-6 col-sm-6 mt-30\">\r\n\t\t    <div class=\"tx-postGridBox tx-postGridBox__styleOne\">\r\n\t\t        \t\t        <div class=\"tx-thumb mb-none-30 fix\">\r\n\t\t            <img decoding=\"async\" src=\"https:\/\/skupivizion.mk\/wp-content\/uploads\/2023\/08\/shtepia-e-bb_sd-1024x576.webp\" alt=\"\">\r\n\t\t        <\/div>\r\n\t\t        \t            <div class=\"tx-content pl-30 pr-30 pt-30 pb-30 tx-z1 position-relative m-auto\">\r\n\t                \t                <a href=\"https:\/\/skupivizion.mk\/mk\/2023\/00\/04\/\" class=\"tx-metaDate\">\r\n                        \u0408\u0430\u043d 13\t                <\/a>\r\n\t                                <h5 class=\"tx-title tx-border-effect mt-15\">\r\n                    <a href=\"https:\/\/skupivizion.mk\/mk\/%d0%b4%d0%b0%d0%bb%d0%b8-%d1%81%d1%82%d0%b5-%d0%bf%d0%be%d0%b4%d0%b3%d0%be%d1%82%d0%b2%d0%b5%d0%bd%d0%b8-%d0%be%d1%82%d0%ba%d1%80%d0%b8%d0%b5%d0%bd-%d0%b5-%d0%b2%d0%bb%d0%b5%d0%b7%d0%be%d1%82-%d0%b2\/\"> \u0414\u0430\u043b\u0438 \u0441\u0442\u0435 \u043f\u043e\u0434\u0433\u043e\u0442\u0432\u0435\u043d\u0438? \u041e\u0442\u043a\u0440\u0438\u0435\u043d \u0435 \u0432\u043b\u0435\u0437\u043e\u0442 \u0432\u043e \u043d\u0430\u0458\u043f\u043e\u0437\u043d\u0430\u0442\u0430\u0442\u0430 \u043a\u0443\u045c\u0430 \u0432\u043e \u0410\u043b\u0431\u0430\u043d\u0438\u0458\u0430 \u043a\u0430\u0434\u0435 \u045c\u0435 \u043f\u043e\u043c\u0438\u043d\u0443\u0432\u0430\u0430\u0442 \u0412\u0418\u041f \u043b\u0438\u0447\u043d\u043e\u0441\u0442\u0438 \u043e\u0434 \u0413\u043e\u043b\u0435\u043c\u0438\u043e\u0442 \u0431\u0440\u0430\u0442.<\/a>\r\n                <\/h5>\r\n                <a href=\"https:\/\/skupivizion.mk\/mk\/%d0%b4%d0%b0%d0%bb%d0%b8-%d1%81%d1%82%d0%b5-%d0%bf%d0%be%d0%b4%d0%b3%d0%be%d1%82%d0%b2%d0%b5%d0%bd%d0%b8-%d0%be%d1%82%d0%ba%d1%80%d0%b8%d0%b5%d0%bd-%d0%b5-%d0%b2%d0%bb%d0%b5%d0%b7%d0%be%d1%82-%d0%b2\/\" class=\"tx-inline-btn tx-border-effect mt-20\">\r\n                    \u041f\u043e\u0432\u0435\u045c\u0435                <\/a>\r\n            <\/div>\r\n        <\/div>\r\n    <\/div>\r\n    \t\t<div class=\"col-xl-6 col-lg-6 col-md-6 col-sm-6 mt-30\">\r\n\t\t    <div class=\"tx-postGridBox tx-postGridBox__styleOne\">\r\n\t\t        \t\t        <div class=\"tx-thumb mb-none-30 fix\">\r\n\t\t            <img decoding=\"async\" src=\"https:\/\/skupivizion.mk\/wp-content\/uploads\/2023\/08\/sig.png\" alt=\"\">\r\n\t\t        <\/div>\r\n\t\t        \t            <div class=\"tx-content pl-30 pr-30 pt-30 pb-30 tx-z1 position-relative m-auto\">\r\n\t                \t                <a href=\"https:\/\/skupivizion.mk\/mk\/2023\/00\/04\/\" class=\"tx-metaDate\">\r\n                        \u041c\u0430\u0440 24\t                <\/a>\r\n\t                                <h5 class=\"tx-title tx-border-effect mt-15\">\r\n                    <a href=\"https:\/\/skupivizion.mk\/mk\/%d1%81%d0%b5%d1%80%d0%b8%d1%98%d0%b0-%d1%81%d0%be-%d1%83%d0%ba%d1%80%d0%b0%d0%b8%d0%bd%d1%81%d0%ba%d0%b8%d0%be%d1%82-%d0%bf%d1%80%d0%b5%d1%82%d1%81%d0%b5%d0%b4%d0%b0%d1%82%d0%b5%d0%bb-%d0%b7%d0%b5\/\"> \u0421\u0435\u0440\u0438\u0458\u0430 \u0441\u043e \u0443\u043a\u0440\u0430\u0438\u043d\u0441\u043a\u0438\u043e\u0442 \u043f\u0440\u0435\u0442\u0441\u0435\u0434\u0430\u0442\u0435\u043b \u0417\u0435\u043b\u0435\u043d\u0441\u043a\u0438, \u043d\u0430\u0441\u043a\u043e\u0440\u043e \u043d\u0430 \u041a\u0422\u0412<\/a>\r\n                <\/h5>\r\n                <a href=\"https:\/\/skupivizion.mk\/mk\/%d1%81%d0%b5%d1%80%d0%b8%d1%98%d0%b0-%d1%81%d0%be-%d1%83%d0%ba%d1%80%d0%b0%d0%b8%d0%bd%d1%81%d0%ba%d0%b8%d0%be%d1%82-%d0%bf%d1%80%d0%b5%d1%82%d1%81%d0%b5%d0%b4%d0%b0%d1%82%d0%b5%d0%bb-%d0%b7%d0%b5\/\" class=\"tx-inline-btn tx-border-effect mt-20\">\r\n                    \u041f\u043e\u0432\u0435\u045c\u0435                <\/a>\r\n            <\/div>\r\n        <\/div>\r\n    <\/div>\r\n    <\/div>\r\n\t\t\t\t<\/div>\n\t\t\t\t<\/div>\n\t\t\t\t\t<\/div>\n\t\t<\/div>\n\t\t\t\t\t<\/div>\n\t\t<\/section>\n\t\t\t\t<\/div>\n\t\t","protected":false},"excerpt":{"rendered":"<p>\u0418\u043d\u0444\u043e\u0440\u043c\u0430\u0446\u0438\u0438 \u0421\u0438\u0442\u0435 \u043d\u043e\u0432\u043e\u0441\u0442\u0438 Jan 13 Jeni gati? Zbulohet hyrja e sht\u00ebpis\u00eb m\u00eb t\u00eb famshme n\u00eb Shqip\u00ebri, aty ku do kalojn\u00eb VIP-at e Big Brother \u041f\u043e\u0432\u0435\u045c\u0435 Mar 24 Seriali me presidentin ukrainas Zelenskyy, s\u00eb shpejti n\u00eb KTV \u041f\u043e\u0432\u0435\u045c\u0435<\/p>\n","protected":false},"author":1,"featured_media":0,"parent":0,"menu_order":0,"comment_status":"closed","ping_status":"closed","template":"elementor_header_footer","meta":{"footnotes":""},"class_list":["post-3429","page","type-page","status-publish","hentry"],"_links":{"self":[{"href":"https:\/\/skupivizion.mk\/mk\/wp-json\/wp\/v2\/pages\/3429","targetHints":{"allow":["GET"]}}],"collection":[{"href":"https:\/\/skupivizion.mk\/mk\/wp-json\/wp\/v2\/pages"}],"about":[{"href":"https:\/\/skupivizion.mk\/mk\/wp-json\/wp\/v2\/types\/page"}],"author":[{"embeddable":true,"href":"https:\/\/skupivizion.mk\/mk\/wp-json\/wp\/v2\/users\/1"}],"replies":[{"embeddable":true,"href":"https:\/\/skupivizion.mk\/mk\/wp-json\/wp\/v2\/comments?post=3429"}],"version-history":[{"count":3,"href":"https:\/\/skupivizion.mk\/mk\/wp-json\/wp\/v2\/pages\/3429\/revisions"}],"predecessor-version":[{"id":3434,"href":"https:\/\/skupivizion.mk\/mk\/wp-json\/wp\/v2\/pages\/3429\/revisions\/3434"}],"wp:attachment":[{"href":"https:\/\/skupivizion.mk\/mk\/wp-json\/wp\/v2\/media?parent=3429"}],"curies":[{"name":"wp","href":"https:\/\/api.w.org\/{rel}","templated":true}]}}