{"id":3258,"date":"2023-08-04T20:03:27","date_gmt":"2023-08-04T20:03:27","guid":{"rendered":"https:\/\/skupivizion.mk\/kontaktet\/"},"modified":"2025-03-03T13:18:05","modified_gmt":"2025-03-03T13:18:05","slug":"kontaktet","status":"publish","type":"page","link":"https:\/\/skupivizion.mk\/mk\/kontaktet\/","title":{"rendered":"\u041a\u043e\u043d\u0442\u0430\u043a\u0442"},"content":{"rendered":"\t\t<div data-elementor-type=\"wp-page\" data-elementor-id=\"3258\" class=\"elementor elementor-3258 elementor-47\">\n\t\t\t\t\t\t<section class=\"elementor-section elementor-top-section elementor-element elementor-element-c9af4c0 elementor-section-content-middle elementor-section-boxed elementor-section-height-default elementor-section-height-default\" data-id=\"c9af4c0\" data-element_type=\"section\">\n\t\t\t\t\t\t<div class=\"elementor-container elementor-column-gap-default\">\n\t\t\t\t\t<div class=\"elementor-column elementor-col-50 elementor-top-column elementor-element elementor-element-950e076\" data-id=\"950e076\" data-element_type=\"column\">\n\t\t\t<div class=\"elementor-widget-wrap elementor-element-populated\">\n\t\t\t\t\t\t<div class=\"elementor-element elementor-element-b11426f w-100 elementor-widget elementor-widget-image\" data-id=\"b11426f\" data-element_type=\"widget\" data-widget_type=\"image.default\">\n\t\t\t\t<div class=\"elementor-widget-container\">\n\t\t\t\t\t\t\t\t\t\t\t\t\t\t\t<img fetchpriority=\"high\" decoding=\"async\" width=\"640\" height=\"521\" src=\"https:\/\/skupivizion.mk\/wp-content\/uploads\/2025\/02\/kontakti.jpg\" class=\"attachment-large size-large wp-image-2982\" alt=\"\" srcset=\"https:\/\/skupivizion.mk\/wp-content\/uploads\/2025\/02\/kontakti.jpg 768w, https:\/\/skupivizion.mk\/wp-content\/uploads\/2025\/02\/kontakti-300x244.jpg 300w\" sizes=\"(max-width: 640px) 100vw, 640px\" \/>\t\t\t\t\t\t\t\t\t\t\t\t\t\t\t<\/div>\n\t\t\t\t<\/div>\n\t\t\t\t\t<\/div>\n\t\t<\/div>\n\t\t\t\t<div class=\"elementor-column elementor-col-50 elementor-top-column elementor-element elementor-element-f9000f1\" data-id=\"f9000f1\" data-element_type=\"column\">\n\t\t\t<div class=\"elementor-widget-wrap elementor-element-populated\">\n\t\t\t\t\t\t<section class=\"elementor-section elementor-inner-section elementor-element elementor-element-d63699f elementor-section-full_width elementor-section-height-default elementor-section-height-default\" data-id=\"d63699f\" data-element_type=\"section\" data-settings=\"{&quot;background_background&quot;:&quot;classic&quot;}\">\n\t\t\t\t\t\t<div class=\"elementor-container elementor-column-gap-default\">\n\t\t\t\t\t<div class=\"elementor-column elementor-col-100 elementor-inner-column elementor-element elementor-element-4811a04\" data-id=\"4811a04\" data-element_type=\"column\">\n\t\t\t<div class=\"elementor-widget-wrap elementor-element-populated\">\n\t\t\t\t\t\t<div class=\"elementor-element elementor-element-fecde18 elementor-widget elementor-widget-heading\" data-id=\"fecde18\" data-element_type=\"widget\" data-widget_type=\"heading.default\">\n\t\t\t\t<div class=\"elementor-widget-container\">\n\t\t\t\t\t<h2 class=\"elementor-heading-title elementor-size-default\">\u0418\u043c\u0430\u0442\u0435 \u043f\u0440\u0430\u0448\u0430\u045a\u0430?<\/h2>\t\t\t\t<\/div>\n\t\t\t\t<\/div>\n\t\t\t\t<div class=\"elementor-element elementor-element-2e17442 elementor-widget elementor-widget-telnet_lists elh-el telnet_lists\" data-id=\"2e17442\" data-element_type=\"widget\" data-settings=\"{&quot;design_style&quot;:&quot;style_2&quot;}\" data-widget_type=\"telnet_lists.default\">\n\t\t\t\t<div class=\"elementor-widget-container\">\n\t\t\t\t\t<ul class=\"list-unstyled tx-listItems tx-listItems__styleTwo\">\r\n        <li>\r\n                <span class=\"tx-icon\">\r\n            <i aria-hidden=\"true\" class=\"fas fa-envelope-open-text\"><\/i>        <\/span>\r\n                <div class=\"tx-content\">\r\n                        <h5 class=\"tx-title\">\u0418\u043c\u0435\u0458\u043b<\/h5>\r\n            \r\n                        <p>support@skupivizion.mk<\/p>\r\n                    <\/div>\r\n    <\/li>\r\n    <\/ul>\r\n\t\t\t\t<\/div>\n\t\t\t\t<\/div>\n\t\t\t\t<div class=\"elementor-element elementor-element-e9fe5f7 elementor-widget elementor-widget-telnet_lists elh-el telnet_lists\" data-id=\"e9fe5f7\" data-element_type=\"widget\" data-settings=\"{&quot;design_style&quot;:&quot;style_2&quot;}\" data-widget_type=\"telnet_lists.default\">\n\t\t\t\t<div class=\"elementor-widget-container\">\n\t\t\t\t\t<ul class=\"list-unstyled tx-listItems tx-listItems__styleTwo\">\r\n        <li>\r\n                <span class=\"tx-icon\">\r\n            <i aria-hidden=\"true\" class=\"fas fa-phone-volume\"><\/i>        <\/span>\r\n                <div class=\"tx-content\">\r\n                        <h5 class=\"tx-title\">\u0422\u0435\u043b\u0435\u0444\u043e\u043d<\/h5>\r\n            \r\n                        <p>+389 22 600 161<\/p>\r\n                    <\/div>\r\n    <\/li>\r\n    <\/ul>\r\n\t\t\t\t<\/div>\n\t\t\t\t<\/div>\n\t\t\t\t<div class=\"elementor-element elementor-element-9744fdf elementor-widget elementor-widget-telnet_lists elh-el telnet_lists\" data-id=\"9744fdf\" data-element_type=\"widget\" data-settings=\"{&quot;design_style&quot;:&quot;style_2&quot;}\" data-widget_type=\"telnet_lists.default\">\n\t\t\t\t<div class=\"elementor-widget-container\">\n\t\t\t\t\t<ul class=\"list-unstyled tx-listItems tx-listItems__styleTwo\">\r\n        <li>\r\n                <span class=\"tx-icon\">\r\n            <i aria-hidden=\"true\" class=\"fas fa-map-marker-alt\"><\/i>        <\/span>\r\n                <div class=\"tx-content\">\r\n                        <h5 class=\"tx-title\">\u0410\u0434\u0440\u0435\u0441\u0430<\/h5>\r\n            \r\n                        <p>\u0422\u0430\u043b\u0435 \u0425\u0440\u0438\u0441\u0442\u043e\u0432 \u0431\u0431, \u041b\u0430\u043c 2, \u041b\u043e\u043a 3 <br>\u0422\u0426 \u0421\u041a \u0421\u0435\u0432\u0435\u0440, 1010 \u0421\u043a\u043e\u043f\u0458\u0435, \u0411\u0443\u0442\u0435\u043b<\/p>\r\n                    <\/div>\r\n    <\/li>\r\n    <\/ul>\r\n\t\t\t\t<\/div>\n\t\t\t\t<\/div>\n\t\t\t\t\t<\/div>\n\t\t<\/div>\n\t\t\t\t\t<\/div>\n\t\t<\/section>\n\t\t\t\t\t<\/div>\n\t\t<\/div>\n\t\t\t\t\t<\/div>\n\t\t<\/section>\n\t\t\t\t<section class=\"elementor-section elementor-top-section elementor-element elementor-element-053cce0 elementor-hidden-desktop elementor-hidden-tablet elementor-hidden-mobile elementor-section-boxed elementor-section-height-default elementor-section-height-default\" data-id=\"053cce0\" data-element_type=\"section\">\n\t\t\t\t\t\t<div class=\"elementor-container elementor-column-gap-default\">\n\t\t\t\t\t<div class=\"elementor-column elementor-col-100 elementor-top-column elementor-element elementor-element-0a29698\" data-id=\"0a29698\" data-element_type=\"column\">\n\t\t\t<div class=\"elementor-widget-wrap elementor-element-populated\">\n\t\t\t\t\t\t<section class=\"elementor-section elementor-inner-section elementor-element elementor-element-95c6ee4 elementor-section-full_width elementor-section-height-default elementor-section-height-default\" data-id=\"95c6ee4\" data-element_type=\"section\" data-settings=\"{&quot;background_background&quot;:&quot;classic&quot;}\">\n\t\t\t\t\t\t<div class=\"elementor-container elementor-column-gap-default\">\n\t\t\t\t\t<div class=\"elementor-column elementor-col-100 elementor-inner-column elementor-element elementor-element-4c02d99\" data-id=\"4c02d99\" data-element_type=\"column\">\n\t\t\t<div class=\"elementor-widget-wrap elementor-element-populated\">\n\t\t\t\t\t\t<div class=\"elementor-element elementor-element-f8ba38d elementor-widget elementor-widget-heading\" data-id=\"f8ba38d\" data-element_type=\"widget\" data-widget_type=\"heading.default\">\n\t\t\t\t<div class=\"elementor-widget-container\">\n\t\t\t\t\t<h2 class=\"elementor-heading-title elementor-size-default\">Na shkruani n\u00eb formularin m\u00eb posht\u00eb<\/h2>\t\t\t\t<\/div>\n\t\t\t\t<\/div>\n\t\t\t\t<div class=\"elementor-element elementor-element-25c5ff9 elementor-widget elementor-widget-contact_form elh-el contact_form\" data-id=\"25c5ff9\" data-element_type=\"widget\" data-settings=\"{&quot;design_style&quot;:&quot;style_3&quot;}\" data-widget_type=\"contact_form.default\">\n\t\t\t\t<div class=\"elementor-widget-container\">\n\t\t\t\t\t<div class=\"tx-formWrapper tx-formWrapper__styleThree\">\r\n    \n<div class=\"wpcf7 no-js\" id=\"wpcf7-f312-o1\" lang=\"en-US\" dir=\"ltr\" data-wpcf7-id=\"312\">\n<div class=\"screen-reader-response\"><p role=\"status\" aria-live=\"polite\" aria-atomic=\"true\"><\/p> <ul><\/ul><\/div>\n<form action=\"\/mk\/wp-json\/wp\/v2\/pages\/3258#wpcf7-f312-o1\" method=\"post\" class=\"wpcf7-form init elh-cf7-form\" aria-label=\"Contact form\" novalidate=\"novalidate\" data-status=\"init\">\n<div style=\"display: none;\">\n<input type=\"hidden\" name=\"_wpcf7\" value=\"312\" \/>\n<input type=\"hidden\" name=\"_wpcf7_version\" value=\"6.0.6\" \/>\n<input type=\"hidden\" name=\"_wpcf7_locale\" value=\"en_US\" \/>\n<input type=\"hidden\" name=\"_wpcf7_unit_tag\" value=\"wpcf7-f312-o1\" \/>\n<input type=\"hidden\" name=\"_wpcf7_container_post\" value=\"0\" \/>\n<input type=\"hidden\" name=\"_wpcf7_posted_data_hash\" value=\"\" \/>\n<\/div>\n<div class=\"row mt-none-25 tx-column-gap-40\">\n    <div class=\"col-lg-6 mt-25\">\n        <div class=\"tx-input-field\">\n            <label for=\"message\">Fast Name*<\/label>\n            <span class=\"wpcf7-form-control-wrap\" data-name=\"text-105\"><input size=\"40\" maxlength=\"400\" class=\"wpcf7-form-control wpcf7-text wpcf7-validates-as-required\" aria-required=\"true\" aria-invalid=\"false\" placeholder=\"Fast Name\" value=\"\" type=\"text\" name=\"text-105\" \/><\/span>\n        <\/div>\n    <\/div>\n    <div class=\"col-lg-6 mt-25\">\n        <div class=\"tx-input-field\">\n            <label for=\"message\">Last Name*<\/label>\n            <span class=\"wpcf7-form-control-wrap\" data-name=\"text-106\"><input size=\"40\" maxlength=\"400\" class=\"wpcf7-form-control wpcf7-text wpcf7-validates-as-required\" aria-required=\"true\" aria-invalid=\"false\" placeholder=\"Last Name\" value=\"\" type=\"text\" name=\"text-106\" \/><\/span>\n        <\/div>\n    <\/div>\n    <div class=\"col-lg-6 mt-25\">\n        <div class=\"tx-input-field\">\n            <label for=\"email\">Email Address*<\/label>\n            <span class=\"wpcf7-form-control-wrap\" data-name=\"email-849\"><input size=\"40\" maxlength=\"400\" class=\"wpcf7-form-control wpcf7-email wpcf7-validates-as-required wpcf7-text wpcf7-validates-as-email\" aria-required=\"true\" aria-invalid=\"false\" placeholder=\"Email\" value=\"\" type=\"email\" name=\"email-849\" \/><\/span>\n        <\/div>\n    <\/div>\n    <div class=\"col-lg-6 mt-25\">\n        <div class=\"tx-input-field\">\n            <label for=\"message\">Services*<\/label>\n            <span class=\"wpcf7-form-control-wrap\" data-name=\"menu-278\"><select class=\"wpcf7-form-control wpcf7-select wpcf7-validates-as-required\" aria-required=\"true\" aria-invalid=\"false\" name=\"menu-278\"><option value=\"Business services consulting\">Business services consulting<\/option><option value=\"Net Provide Consulting\">Net Provide Consulting<\/option><option value=\"Movie Play Animation\">Movie Play Animation<\/option><\/select><\/span>\n        <\/div>\n    <\/div>\n    <div class=\"col-lg-12 mt-25\">\n        <div class=\"tx-input-field\">\n            <label for=\"message\">Your Message*<\/label>\n            <span class=\"wpcf7-form-control-wrap\" data-name=\"textarea-496\"><textarea cols=\"40\" rows=\"10\" maxlength=\"2000\" class=\"wpcf7-form-control wpcf7-textarea wpcf7-validates-as-required\" aria-required=\"true\" aria-invalid=\"false\" placeholder=\"Type your message\" name=\"textarea-496\"><\/textarea><\/span>\n        <\/div>\n    <\/div>\n    <div class=\"col-lg-12 mt-30 text-center\">\n        <button type=\"submit\" class=\"tx-button tx-button__styleTheme mx-auto\">Send Message<\/button>\n    <\/div>\n<\/div><div class=\"wpcf7-response-output\" aria-hidden=\"true\"><\/div>\n<\/form>\n<\/div>\n<\/div>\t\t\t\t<\/div>\n\t\t\t\t<\/div>\n\t\t\t\t\t<\/div>\n\t\t<\/div>\n\t\t\t\t\t<\/div>\n\t\t<\/section>\n\t\t\t\t\t<\/div>\n\t\t<\/div>\n\t\t\t\t\t<\/div>\n\t\t<\/section>\n\t\t\t\t<\/div>\n\t\t","protected":false},"excerpt":{"rendered":"<p>\u0418\u043c\u0430\u0442\u0435 \u043f\u0440\u0430\u0448\u0430\u045a\u0430? \u0418\u043c\u0435\u0458\u043b support@skupivizion.mk \u0422\u0435\u043b\u0435\u0444\u043e\u043d +389 22 600 161 \u0410\u0434\u0440\u0435\u0441\u0430 \u0422\u0430\u043b\u0435 \u0425\u0440\u0438\u0441\u0442\u043e\u0432 \u0431\u0431, \u041b\u0430\u043c 2, \u041b\u043e\u043a 3 \u0422\u0426 \u0421\u041a \u0421\u0435\u0432\u0435\u0440, 1010 \u0421\u043a\u043e\u043f\u0458\u0435, \u0411\u0443\u0442\u0435\u043b Na shkruani n\u00eb formularin m\u00eb posht\u00eb Fast Name* Last Name* Email Address* Services* Business services consultingNet Provide ConsultingMovie Play Animation Your Message* Send Message<\/p>\n","protected":false},"author":1,"featured_media":0,"parent":0,"menu_order":0,"comment_status":"closed","ping_status":"closed","template":"elementor_header_footer","meta":{"footnotes":""},"class_list":["post-3258","page","type-page","status-publish","hentry"],"_links":{"self":[{"href":"https:\/\/skupivizion.mk\/mk\/wp-json\/wp\/v2\/pages\/3258","targetHints":{"allow":["GET"]}}],"collection":[{"href":"https:\/\/skupivizion.mk\/mk\/wp-json\/wp\/v2\/pages"}],"about":[{"href":"https:\/\/skupivizion.mk\/mk\/wp-json\/wp\/v2\/types\/page"}],"author":[{"embeddable":true,"href":"https:\/\/skupivizion.mk\/mk\/wp-json\/wp\/v2\/users\/1"}],"replies":[{"embeddable":true,"href":"https:\/\/skupivizion.mk\/mk\/wp-json\/wp\/v2\/comments?post=3258"}],"version-history":[{"count":3,"href":"https:\/\/skupivizion.mk\/mk\/wp-json\/wp\/v2\/pages\/3258\/revisions"}],"predecessor-version":[{"id":3292,"href":"https:\/\/skupivizion.mk\/mk\/wp-json\/wp\/v2\/pages\/3258\/revisions\/3292"}],"wp:attachment":[{"href":"https:\/\/skupivizion.mk\/mk\/wp-json\/wp\/v2\/media?parent=3258"}],"curies":[{"name":"wp","href":"https:\/\/api.w.org\/{rel}","templated":true}]}}